{"id":9112,"date":"2025-10-06T15:36:45","date_gmt":"2025-10-06T18:36:45","guid":{"rendered":"https:\/\/coffeeandit.com.br\/store\/?page_id=9112"},"modified":"2025-10-16T12:38:02","modified_gmt":"2025-10-16T15:38:02","slug":"aulao-aws-04-11","status":"publish","type":"page","link":"https:\/\/coffeeandit.com.br\/store\/aulao-aws-04-11\/","title":{"rendered":"Aulao AWS 04\/11"},"content":{"rendered":"\t\t<div data-elementor-type=\"wp-page\" data-elementor-id=\"9112\" class=\"elementor elementor-9112\" data-elementor-settings=\"{&quot;ha_cmc_init_switcher&quot;:&quot;no&quot;}\" data-elementor-post-type=\"page\">\n\t\t\t\t<div class=\"elementor-element elementor-element-43a8c11 e-flex e-con-boxed e-con e-parent\" data-id=\"43a8c11\" data-element_type=\"container\" data-e-type=\"container\" data-settings=\"{&quot;background_background&quot;:&quot;classic&quot;}\">\n\t\t\t\t\t<div class=\"e-con-inner\">\n\t\t\t\t<div class=\"elementor-element elementor-element-4a9628c elementor-widget__width-inherit elementor-invisible elementor-widget elementor-widget-text-editor\" data-id=\"4a9628c\" data-element_type=\"widget\" data-e-type=\"widget\" data-settings=\"{&quot;_animation&quot;:&quot;bounce&quot;}\" data-widget_type=\"text-editor.default\">\n\t\t\t\t<div class=\"elementor-widget-container\">\n\t\t\t\t\t\t\t\t\t<p><strong>B\u00f4nus exclusivo<\/strong> para quem acessou essa p\u00e1gina. <strong>Preencha o formul\u00e1rio e tenha acesso a uma comunidade de programadores<\/strong>\u00a0para tirar d\u00favidas, receber vagas e fazer networking.<\/p>\t\t\t\t\t\t\t\t<\/div>\n\t\t\t\t<\/div>\n\t\t\t\t\t<\/div>\n\t\t\t\t<\/div>\n\t\t<div class=\"elementor-element elementor-element-7f48c3f e-flex e-con-boxed e-con e-parent\" data-id=\"7f48c3f\" data-element_type=\"container\" data-e-type=\"container\" data-settings=\"{&quot;background_background&quot;:&quot;classic&quot;}\">\n\t\t\t\t\t<div class=\"e-con-inner\">\n\t\t<div class=\"elementor-element elementor-element-e2817f4 e-con-full e-flex e-con e-child\" data-id=\"e2817f4\" data-element_type=\"container\" data-e-type=\"container\" data-settings=\"{&quot;background_background&quot;:&quot;gradient&quot;}\">\n\t\t\t\t<div class=\"elementor-element elementor-element-34809d5 elementor-widget__width-inherit elementor-widget elementor-widget-image\" data-id=\"34809d5\" data-element_type=\"widget\" data-e-type=\"widget\" data-widget_type=\"image.default\">\n\t\t\t\t<div class=\"elementor-widget-container\">\n\t\t\t\t\t\t\t\t\t\t\t\t\t\t\t<img fetchpriority=\"high\" decoding=\"async\" width=\"800\" height=\"200\" src=\"https:\/\/coffeeandit.com.br\/store\/wp-content\/uploads\/2025\/10\/Sem-nome-1200-x-300-px-2-1024x256.png\" class=\"attachment-large size-large wp-image-9134\" alt=\"\" srcset=\"https:\/\/coffeeandit.com.br\/store\/wp-content\/uploads\/2025\/10\/Sem-nome-1200-x-300-px-2-1024x256.png 1024w, https:\/\/coffeeandit.com.br\/store\/wp-content\/uploads\/2025\/10\/Sem-nome-1200-x-300-px-2-300x75.png 300w, https:\/\/coffeeandit.com.br\/store\/wp-content\/uploads\/2025\/10\/Sem-nome-1200-x-300-px-2-768x192.png 768w, https:\/\/coffeeandit.com.br\/store\/wp-content\/uploads\/2025\/10\/Sem-nome-1200-x-300-px-2.png 1200w\" sizes=\"(max-width: 800px) 100vw, 800px\" \/>\t\t\t\t\t\t\t\t\t\t\t\t\t\t\t<\/div>\n\t\t\t\t<\/div>\n\t\t\t\t<div class=\"elementor-element elementor-element-414ba80 elementor-widget__width-inherit elementor-widget elementor-widget-text-editor\" data-id=\"414ba80\" data-element_type=\"widget\" data-e-type=\"widget\" id=\"form\" data-widget_type=\"text-editor.default\">\n\t\t\t\t<div class=\"elementor-widget-container\">\n\t\t\t\t\t\t\t\t\t<p>Aprenda neste aul\u00e3o como levar projetos de IA Generativa da ideia at\u00e9 a produ\u00e7\u00e3o com AWS, em um ambiente 100% em nuvem. E o melhor de tudo de maneira gratuita.\u00a0<\/p>\t\t\t\t\t\t\t\t<\/div>\n\t\t\t\t<\/div>\n\t\t\t\t<div class=\"elementor-element elementor-element-61f88b8 elementor-button-align-stretch elementor-widget elementor-widget-form\" data-id=\"61f88b8\" data-element_type=\"widget\" data-e-type=\"widget\" data-settings=\"{&quot;step_next_label&quot;:&quot;Next&quot;,&quot;step_previous_label&quot;:&quot;Previous&quot;,&quot;button_width&quot;:&quot;100&quot;,&quot;step_type&quot;:&quot;number_text&quot;,&quot;step_icon_shape&quot;:&quot;circle&quot;}\" data-widget_type=\"form.default\">\n\t\t\t\t<div class=\"elementor-widget-container\">\n\t\t\t\t\t\t\t<form class=\"elementor-form\" method=\"post\" name=\"New Form\" aria-label=\"New Form\">\n\t\t\t<input type=\"hidden\" name=\"post_id\" value=\"9112\"\/>\n\t\t\t<input type=\"hidden\" name=\"form_id\" value=\"61f88b8\"\/>\n\t\t\t<input type=\"hidden\" name=\"referer_title\" value=\"Aulao AWS 04\/11\" \/>\n\n\t\t\t\t\t\t\t<input type=\"hidden\" name=\"queried_id\" value=\"9112\"\/>\n\t\t\t\n\t\t\t<div class=\"elementor-form-fields-wrapper elementor-labels-\">\n\t\t\t\t\t\t\t\t<div class=\"elementor-field-type-text elementor-field-group elementor-column elementor-field-group-nome elementor-col-100 elementor-field-required\">\n\t\t\t\t\t\t\t\t\t\t\t\t<label for=\"form-field-nome\" class=\"elementor-field-label elementor-screen-only\">\n\t\t\t\t\t\t\t\tNome\t\t\t\t\t\t\t<\/label>\n\t\t\t\t\t\t\t\t\t\t\t\t\t\t<input size=\"1\" type=\"text\" name=\"form_fields[nome]\" id=\"form-field-nome\" class=\"elementor-field elementor-size-sm  elementor-field-textual\" placeholder=\"Nome\" required=\"required\">\n\t\t\t\t\t\t\t\t\t\t\t<\/div>\n\t\t\t\t\t\t\t\t<div class=\"elementor-field-type-email elementor-field-group elementor-column elementor-field-group-email elementor-col-100 elementor-field-required\">\n\t\t\t\t\t\t\t\t\t\t\t\t<label for=\"form-field-email\" class=\"elementor-field-label elementor-screen-only\">\n\t\t\t\t\t\t\t\tEmail\t\t\t\t\t\t\t<\/label>\n\t\t\t\t\t\t\t\t\t\t\t\t\t\t<input size=\"1\" type=\"email\" name=\"form_fields[email]\" id=\"form-field-email\" class=\"elementor-field elementor-size-sm  elementor-field-textual\" placeholder=\"E-mail\" required=\"required\">\n\t\t\t\t\t\t\t\t\t\t\t<\/div>\n\t\t\t\t\t\t\t\t<div class=\"elementor-field-type-tel elementor-field-group elementor-column elementor-field-group-telefone elementor-col-100 elementor-field-required\">\n\t\t\t\t\t\t\t\t\t\t\t\t<label for=\"form-field-telefone\" class=\"elementor-field-label elementor-screen-only\">\n\t\t\t\t\t\t\t\tTelefone\t\t\t\t\t\t\t<\/label>\n\t\t\t\t\t\t\t\t<input size=\"1\" type=\"tel\" name=\"form_fields[telefone]\" id=\"form-field-telefone\" class=\"elementor-field elementor-size-sm  elementor-field-textual\" placeholder=\"(DDD) Telefone\" required=\"required\" pattern=\"[0-9()#&amp;+*-=.]+\" title=\"Only numbers and phone characters (#, -, *, etc) are accepted.\">\n\n\t\t\t\t\t\t<\/div>\n\t\t\t\t\t\t\t\t<div class=\"elementor-field-group elementor-column elementor-field-type-submit elementor-col-100 e-form__buttons\">\n\t\t\t\t\t<button class=\"elementor-button elementor-size-sm\" type=\"submit\">\n\t\t\t\t\t\t<span class=\"elementor-button-content-wrapper\">\n\t\t\t\t\t\t\t\t\t\t\t\t\t\t\t\t\t\t\t\t\t\t<span class=\"elementor-button-text\">GARANTIR MINHA VAGA<\/span>\n\t\t\t\t\t\t\t\t\t\t\t\t\t<\/span>\n\t\t\t\t\t<\/button>\n\t\t\t\t<\/div>\n\t\t\t<\/div>\n\t\t<\/form>\n\t\t\t\t\t\t<\/div>\n\t\t\t\t<\/div>\n\t\t\t\t<div class=\"elementor-element elementor-element-db7bf35 elementor-icon-list--layout-inline elementor-align-center elementor-list-item-link-full_width elementor-widget elementor-widget-icon-list\" data-id=\"db7bf35\" data-element_type=\"widget\" data-e-type=\"widget\" data-widget_type=\"icon-list.default\">\n\t\t\t\t<div class=\"elementor-widget-container\">\n\t\t\t\t\t\t\t<ul class=\"elementor-icon-list-items elementor-inline-items\">\n\t\t\t\t\t\t\t<li class=\"elementor-icon-list-item elementor-inline-item\">\n\t\t\t\t\t\t\t\t\t\t<span class=\"elementor-icon-list-text\">Aul\u00e3o gratuito<\/span>\n\t\t\t\t\t\t\t\t\t<\/li>\n\t\t\t\t\t\t\t\t<li class=\"elementor-icon-list-item elementor-inline-item\">\n\t\t\t\t\t\t\t\t\t\t<span class=\"elementor-icon-list-text\">100% online<\/span>\n\t\t\t\t\t\t\t\t\t<\/li>\n\t\t\t\t\t\t\t\t<li class=\"elementor-icon-list-item elementor-inline-item\">\n\t\t\t\t\t\t\t\t\t\t<span class=\"elementor-icon-list-text\">04\/11<\/span>\n\t\t\t\t\t\t\t\t\t<\/li>\n\t\t\t\t\t\t<\/ul>\n\t\t\t\t\t\t<\/div>\n\t\t\t\t<\/div>\n\t\t\t\t<\/div>\n\t\t\t\t\t<\/div>\n\t\t\t\t<\/div>\n\t\t<div class=\"elementor-element elementor-element-29e54d7 e-flex e-con-boxed e-con e-parent\" data-id=\"29e54d7\" data-element_type=\"container\" data-e-type=\"container\" data-settings=\"{&quot;background_background&quot;:&quot;classic&quot;}\">\n\t\t\t\t\t<div class=\"e-con-inner\">\n\t\t\t\t<div class=\"elementor-element elementor-element-8d5c1ac elementor-widget__width-initial elementor-widget elementor-widget-heading\" data-id=\"8d5c1ac\" data-element_type=\"widget\" data-e-type=\"widget\" data-widget_type=\"heading.default\">\n\t\t\t\t<div class=\"elementor-widget-container\">\n\t\t\t\t\t<h2 class=\"elementor-heading-title elementor-size-default\">Sobre<\/h2>\t\t\t\t<\/div>\n\t\t\t\t<\/div>\n\t\t\t\t<div class=\"elementor-element elementor-element-5f1a61f elementor-widget__width-initial elementor-widget elementor-widget-heading\" data-id=\"5f1a61f\" data-element_type=\"widget\" data-e-type=\"widget\" data-widget_type=\"heading.default\">\n\t\t\t\t<div class=\"elementor-widget-container\">\n\t\t\t\t\t<h2 class=\"elementor-heading-title elementor-size-default\">Conhe\u00e7a um pouco da nossa hist\u00f3ria<\/h2>\t\t\t\t<\/div>\n\t\t\t\t<\/div>\n\t\t<div class=\"elementor-element elementor-element-11b2bd8 e-con-full e-flex e-con e-child\" data-id=\"11b2bd8\" data-element_type=\"container\" data-e-type=\"container\">\n\t\t\t\t<div class=\"elementor-element elementor-element-cf47ef0 elementor-widget__width-initial e-transform elementor-widget elementor-widget-image\" data-id=\"cf47ef0\" data-element_type=\"widget\" data-e-type=\"widget\" data-settings=\"{&quot;_transform_scale_effect_hover&quot;:{&quot;unit&quot;:&quot;px&quot;,&quot;size&quot;:1.100000000000000088817841970012523233890533447265625,&quot;sizes&quot;:[]},&quot;_transform_scale_effect_hover_tablet_extra&quot;:{&quot;unit&quot;:&quot;px&quot;,&quot;size&quot;:&quot;&quot;,&quot;sizes&quot;:[]},&quot;_transform_scale_effect_hover_tablet&quot;:{&quot;unit&quot;:&quot;px&quot;,&quot;size&quot;:&quot;&quot;,&quot;sizes&quot;:[]},&quot;_transform_scale_effect_hover_mobile&quot;:{&quot;unit&quot;:&quot;px&quot;,&quot;size&quot;:&quot;&quot;,&quot;sizes&quot;:[]}}\" data-widget_type=\"image.default\">\n\t\t\t\t<div class=\"elementor-widget-container\">\n\t\t\t\t\t\t\t\t\t\t\t\t\t\t\t<img decoding=\"async\" width=\"800\" height=\"800\" src=\"https:\/\/coffeeandit.com.br\/store\/wp-content\/uploads\/2025\/08\/CLEBER-DA-SILVEIRA-_1_-1024x1024.webp\" class=\"attachment-large size-large wp-image-7986\" alt=\"\" srcset=\"https:\/\/coffeeandit.com.br\/store\/wp-content\/uploads\/2025\/08\/CLEBER-DA-SILVEIRA-_1_-1024x1024.webp 1024w, https:\/\/coffeeandit.com.br\/store\/wp-content\/uploads\/2025\/08\/CLEBER-DA-SILVEIRA-_1_-300x300.webp 300w, https:\/\/coffeeandit.com.br\/store\/wp-content\/uploads\/2025\/08\/CLEBER-DA-SILVEIRA-_1_-150x150.webp 150w, https:\/\/coffeeandit.com.br\/store\/wp-content\/uploads\/2025\/08\/CLEBER-DA-SILVEIRA-_1_-768x768.webp 768w, https:\/\/coffeeandit.com.br\/store\/wp-content\/uploads\/2025\/08\/CLEBER-DA-SILVEIRA-_1_.webp 1080w\" sizes=\"(max-width: 800px) 100vw, 800px\" \/>\t\t\t\t\t\t\t\t\t\t\t\t\t\t\t<\/div>\n\t\t\t\t<\/div>\n\t\t\t\t<div class=\"elementor-element elementor-element-b35548d elementor-widget__width-initial elementor-widget elementor-widget-heading\" data-id=\"b35548d\" data-element_type=\"widget\" data-e-type=\"widget\" data-widget_type=\"heading.default\">\n\t\t\t\t<div class=\"elementor-widget-container\">\n\t\t\t\t\t<h2 class=\"elementor-heading-title elementor-size-default\">Algumas das tecnologias que utilizamos<\/h2>\t\t\t\t<\/div>\n\t\t\t\t<\/div>\n\t\t\t\t<div class=\"elementor-element elementor-element-3564ee9 elementor-widget__width-initial elementor-pagination-position-outside elementor-widget elementor-widget-image-carousel\" data-id=\"3564ee9\" data-element_type=\"widget\" data-e-type=\"widget\" data-settings=\"{&quot;slides_to_show&quot;:&quot;4&quot;,&quot;navigation&quot;:&quot;dots&quot;,&quot;image_spacing_custom&quot;:{&quot;unit&quot;:&quot;px&quot;,&quot;size&quot;:8,&quot;sizes&quot;:[]},&quot;slides_to_show_mobile&quot;:&quot;3&quot;,&quot;slides_to_scroll_mobile&quot;:&quot;3&quot;,&quot;autoplay_speed&quot;:3000,&quot;autoplay&quot;:&quot;yes&quot;,&quot;pause_on_hover&quot;:&quot;yes&quot;,&quot;pause_on_interaction&quot;:&quot;yes&quot;,&quot;infinite&quot;:&quot;yes&quot;,&quot;speed&quot;:500,&quot;image_spacing_custom_tablet_extra&quot;:{&quot;unit&quot;:&quot;px&quot;,&quot;size&quot;:&quot;&quot;,&quot;sizes&quot;:[]},&quot;image_spacing_custom_tablet&quot;:{&quot;unit&quot;:&quot;px&quot;,&quot;size&quot;:&quot;&quot;,&quot;sizes&quot;:[]},&quot;image_spacing_custom_mobile&quot;:{&quot;unit&quot;:&quot;px&quot;,&quot;size&quot;:&quot;&quot;,&quot;sizes&quot;:[]}}\" data-widget_type=\"image-carousel.default\">\n\t\t\t\t<div class=\"elementor-widget-container\">\n\t\t\t\t\t\t\t<div class=\"elementor-image-carousel-wrapper swiper\" role=\"region\" aria-roledescription=\"carousel\" aria-label=\"Carrossel de imagens\" dir=\"ltr\">\n\t\t\t<div class=\"elementor-image-carousel swiper-wrapper\" aria-live=\"off\">\n\t\t\t\t\t\t\t\t<div class=\"swiper-slide\" role=\"group\" aria-roledescription=\"slide\" aria-label=\"1 de 8\"><figure class=\"swiper-slide-inner\"><img decoding=\"async\" class=\"swiper-slide-image\" src=\"https:\/\/coffeeandit.com.br\/store\/wp-content\/uploads\/2025\/08\/11-2-150x150.webp\" alt=\"docker\" \/><\/figure><\/div><div class=\"swiper-slide\" role=\"group\" aria-roledescription=\"slide\" aria-label=\"2 de 8\"><figure class=\"swiper-slide-inner\"><img decoding=\"async\" class=\"swiper-slide-image\" src=\"https:\/\/coffeeandit.com.br\/store\/wp-content\/uploads\/2025\/08\/12-2-150x150.webp\" alt=\"kafka\" \/><\/figure><\/div><div class=\"swiper-slide\" role=\"group\" aria-roledescription=\"slide\" aria-label=\"3 de 8\"><figure class=\"swiper-slide-inner\"><img decoding=\"async\" class=\"swiper-slide-image\" src=\"https:\/\/coffeeandit.com.br\/store\/wp-content\/uploads\/2025\/08\/14-3-150x150.webp\" alt=\"aws\" \/><\/figure><\/div><div class=\"swiper-slide\" role=\"group\" aria-roledescription=\"slide\" aria-label=\"4 de 8\"><figure class=\"swiper-slide-inner\"><img decoding=\"async\" class=\"swiper-slide-image\" src=\"https:\/\/coffeeandit.com.br\/store\/wp-content\/uploads\/2025\/08\/15-3-150x150.webp\" alt=\"react\" \/><\/figure><\/div><div class=\"swiper-slide\" role=\"group\" aria-roledescription=\"slide\" aria-label=\"5 de 8\"><figure class=\"swiper-slide-inner\"><img decoding=\"async\" class=\"swiper-slide-image\" src=\"https:\/\/coffeeandit.com.br\/store\/wp-content\/uploads\/2025\/08\/13-3-150x150.webp\" alt=\"mongo db\" \/><\/figure><\/div><div class=\"swiper-slide\" role=\"group\" aria-roledescription=\"slide\" aria-label=\"6 de 8\"><figure class=\"swiper-slide-inner\"><img decoding=\"async\" class=\"swiper-slide-image\" src=\"https:\/\/coffeeandit.com.br\/store\/wp-content\/uploads\/2025\/08\/18-2-150x150.webp\" alt=\"node js\" \/><\/figure><\/div><div class=\"swiper-slide\" role=\"group\" aria-roledescription=\"slide\" aria-label=\"7 de 8\"><figure class=\"swiper-slide-inner\"><img decoding=\"async\" class=\"swiper-slide-image\" src=\"https:\/\/coffeeandit.com.br\/store\/wp-content\/uploads\/2025\/08\/16-3-150x150.webp\" alt=\"python\" \/><\/figure><\/div><div class=\"swiper-slide\" role=\"group\" aria-roledescription=\"slide\" aria-label=\"8 de 8\"><figure class=\"swiper-slide-inner\"><img decoding=\"async\" class=\"swiper-slide-image\" src=\"https:\/\/coffeeandit.com.br\/store\/wp-content\/uploads\/2025\/08\/17-2-150x150.webp\" alt=\"17 (2)\" \/><\/figure><\/div>\t\t\t<\/div>\n\t\t\t\t\t\t\t\n\t\t\t\t\t\t\t\t\t<div class=\"swiper-pagination\"><\/div>\n\t\t\t\t\t\t\t\t\t<\/div>\n\t\t\t\t\t\t<\/div>\n\t\t\t\t<\/div>\n\t\t\t\t<\/div>\n\t\t<div class=\"elementor-element elementor-element-7d076df e-con-full e-flex e-con e-child\" data-id=\"7d076df\" data-element_type=\"container\" data-e-type=\"container\">\n\t\t\t\t<div class=\"elementor-element elementor-element-92bc27b elementor-widget__width-initial elementor-widget elementor-widget-heading\" data-id=\"92bc27b\" data-element_type=\"widget\" data-e-type=\"widget\" data-widget_type=\"heading.default\">\n\t\t\t\t<div class=\"elementor-widget-container\">\n\t\t\t\t\t<h2 class=\"elementor-heading-title elementor-size-default\">Coffee and IT \u00e9 muito mais que programa\u00e7\u00e3o<\/h2>\t\t\t\t<\/div>\n\t\t\t\t<\/div>\n\t\t\t\t<div class=\"elementor-element elementor-element-3f0a9fa elementor-widget elementor-widget-text-editor\" data-id=\"3f0a9fa\" data-element_type=\"widget\" data-e-type=\"widget\" data-widget_type=\"text-editor.default\">\n\t\t\t\t<div class=\"elementor-widget-container\">\n\t\t\t\t\t\t\t\t\t<p data-start=\"384\" data-end=\"616\">Na Coffee and IT, acreditamos que <strong data-start=\"418\" data-end=\"466\">tecnologia deve ser solu\u00e7\u00e3o, nunca obst\u00e1culo<\/strong>. Desde 2019, j\u00e1 formamos mais de <strong data-start=\"500\" data-end=\"525\">2.000 desenvolvedores<\/strong> em mais de <strong data-start=\"537\" data-end=\"556\">15 cursos de TI<\/strong>, sempre com uma abordagem pr\u00e1tica: <strong data-start=\"592\" data-end=\"613\">de Devs para Devs<\/strong>.<\/p><p data-start=\"618\" data-end=\"777\">Esse DNA de <strong data-start=\"630\" data-end=\"663\">forma\u00e7\u00e3o e excel\u00eancia t\u00e9cnica<\/strong> \u00e9 o que levamos tamb\u00e9m para dentro das empresas: squads preparados, tecnologias alinhadas e resultados consistentes.<\/p>\t\t\t\t\t\t\t\t<\/div>\n\t\t\t\t<\/div>\n\t\t\t\t<\/div>\n\t\t<div class=\"elementor-element elementor-element-8e4122f e-con-full e-flex e-con e-child\" data-id=\"8e4122f\" data-element_type=\"container\" data-e-type=\"container\" data-settings=\"{&quot;background_background&quot;:&quot;classic&quot;}\">\n\t\t<div class=\"elementor-element elementor-element-6cecb8e e-con-full e-flex e-con e-child\" data-id=\"6cecb8e\" data-element_type=\"container\" data-e-type=\"container\">\n\t\t\t\t<div class=\"elementor-element elementor-element-cadfc66 elementor-widget__width-inherit elementor-widget elementor-widget-text-editor\" data-id=\"cadfc66\" data-element_type=\"widget\" data-e-type=\"widget\" data-widget_type=\"text-editor.default\">\n\t\t\t\t<div class=\"elementor-widget-container\">\n\t\t\t\t\t\t\t\t\t<p>Desafiamos voc\u00ea a acompanhar o<\/p>\t\t\t\t\t\t\t\t<\/div>\n\t\t\t\t<\/div>\n\t\t\t\t<div class=\"elementor-element elementor-element-8aa9c5c elementor-widget__width-initial elementor-widget elementor-widget-image\" data-id=\"8aa9c5c\" data-element_type=\"widget\" data-e-type=\"widget\" data-widget_type=\"image.default\">\n\t\t\t\t<div class=\"elementor-widget-container\">\n\t\t\t\t\t\t\t\t\t\t\t\t\t\t\t<img fetchpriority=\"high\" decoding=\"async\" width=\"800\" height=\"200\" src=\"https:\/\/coffeeandit.com.br\/store\/wp-content\/uploads\/2025\/10\/Sem-nome-1200-x-300-px-2-1024x256.png\" class=\"attachment-large size-large wp-image-9134\" alt=\"\" srcset=\"https:\/\/coffeeandit.com.br\/store\/wp-content\/uploads\/2025\/10\/Sem-nome-1200-x-300-px-2-1024x256.png 1024w, https:\/\/coffeeandit.com.br\/store\/wp-content\/uploads\/2025\/10\/Sem-nome-1200-x-300-px-2-300x75.png 300w, https:\/\/coffeeandit.com.br\/store\/wp-content\/uploads\/2025\/10\/Sem-nome-1200-x-300-px-2-768x192.png 768w, https:\/\/coffeeandit.com.br\/store\/wp-content\/uploads\/2025\/10\/Sem-nome-1200-x-300-px-2.png 1200w\" sizes=\"(max-width: 800px) 100vw, 800px\" \/>\t\t\t\t\t\t\t\t\t\t\t\t\t\t\t<\/div>\n\t\t\t\t<\/div>\n\t\t\t\t<div class=\"elementor-element elementor-element-213a206 elementor-widget__width-inherit elementor-widget elementor-widget-text-editor\" data-id=\"213a206\" data-element_type=\"widget\" data-e-type=\"widget\" data-widget_type=\"text-editor.default\">\n\t\t\t\t<div class=\"elementor-widget-container\">\n\t\t\t\t\t\t\t\t\t<p>E n\u00e3o aprender a produzir com IA Generativa<\/p>\t\t\t\t\t\t\t\t<\/div>\n\t\t\t\t<\/div>\n\t\t\t\t<div class=\"elementor-element elementor-element-48b26fc elementor-align-justify elementor-widget elementor-widget-button\" data-id=\"48b26fc\" data-element_type=\"widget\" data-e-type=\"widget\" data-widget_type=\"button.default\">\n\t\t\t\t<div class=\"elementor-widget-container\">\n\t\t\t\t\t\t\t\t\t<div class=\"elementor-button-wrapper\">\n\t\t\t\t\t<a class=\"elementor-button elementor-button-link elementor-size-sm\" href=\"#form\">\n\t\t\t\t\t\t<span class=\"elementor-button-content-wrapper\">\n\t\t\t\t\t\t\t\t\t<span class=\"elementor-button-text\">CLIQUE E GARANTA SUA VAGA<\/span>\n\t\t\t\t\t<\/span>\n\t\t\t\t\t<\/a>\n\t\t\t\t<\/div>\n\t\t\t\t\t\t\t\t<\/div>\n\t\t\t\t<\/div>\n\t\t\t\t<\/div>\n\t\t<div class=\"elementor-element elementor-element-60193ca e-con-full e-flex e-con e-child\" data-id=\"60193ca\" data-element_type=\"container\" data-e-type=\"container\">\n\t\t\t\t<div class=\"elementor-element elementor-element-89c9fcf elementor-widget__width-inherit elementor-widget elementor-widget-text-editor\" data-id=\"89c9fcf\" data-element_type=\"widget\" data-e-type=\"widget\" data-widget_type=\"text-editor.default\">\n\t\t\t\t<div class=\"elementor-widget-container\">\n\t\t\t\t\t\t\t\t\t<p>Este evento \u00e9 pra qualquer programador que est\u00e1 sempre em busca de se manter atualizado ao mercado.<\/p><p>Ensinaremos skills de programa\u00e7\u00e3o com IA que as bigtechs est\u00e3o utilizando para garantir mais escalabilidade e reprodutibilidade no c\u00f3digo.\u00a0<\/p>\t\t\t\t\t\t\t\t<\/div>\n\t\t\t\t<\/div>\n\t\t\t\t<\/div>\n\t\t\t\t<\/div>\n\t\t\t\t\t<\/div>\n\t\t\t\t<\/div>\n\t\t<div class=\"elementor-element elementor-element-4cdb70f e-flex e-con-boxed e-con e-parent\" data-id=\"4cdb70f\" data-element_type=\"container\" data-e-type=\"container\" data-settings=\"{&quot;background_background&quot;:&quot;classic&quot;}\">\n\t\t\t\t\t<div class=\"e-con-inner\">\n\t\t\t\t<div class=\"elementor-element elementor-element-82c368e elementor-widget-divider--view-line elementor-widget elementor-widget-divider\" data-id=\"82c368e\" data-element_type=\"widget\" data-e-type=\"widget\" data-widget_type=\"divider.default\">\n\t\t\t\t<div class=\"elementor-widget-container\">\n\t\t\t\t\t\t\t<div class=\"elementor-divider\">\n\t\t\t<span class=\"elementor-divider-separator\">\n\t\t\t\t\t\t<\/span>\n\t\t<\/div>\n\t\t\t\t\t\t<\/div>\n\t\t\t\t<\/div>\n\t\t\t\t<div class=\"elementor-element elementor-element-1cc917a elementor-widget-mobile__width-initial elementor-widget elementor-widget-text-editor\" data-id=\"1cc917a\" data-element_type=\"widget\" data-e-type=\"widget\" data-widget_type=\"text-editor.default\">\n\t\t\t\t<div class=\"elementor-widget-container\">\n\t\t\t\t\t\t\t\t\t<p>COFFEE AND IT &#8211;\u00a0 2025 \u00a9 Todos os direitos reservados.<\/p>\t\t\t\t\t\t\t\t<\/div>\n\t\t\t\t<\/div>\n\t\t\t\t\t<\/div>\n\t\t\t\t<\/div>\n\t\t\t\t<\/div>\n\t\t","protected":false},"excerpt":{"rendered":"<p>B\u00f4nus exclusivo para quem acessou essa p\u00e1gina. Preencha o formul\u00e1rio e tenha acesso a uma comunidade de programadores\u00a0para tirar d\u00favidas, receber vagas e fazer networking. Aprenda neste aul\u00e3o como levar projetos de IA Generativa da ideia at\u00e9 a produ\u00e7\u00e3o com AWS, em um ambiente 100% em nuvem. E o melhor de tudo de maneira gratuita.\u00a0 [&hellip;]<\/p>\n","protected":false},"author":1,"featured_media":0,"parent":0,"menu_order":0,"comment_status":"closed","ping_status":"closed","template":"elementor_canvas","meta":{"footnotes":""},"class_list":["post-9112","page","type-page","status-publish","hentry"],"_links":{"self":[{"href":"https:\/\/coffeeandit.com.br\/store\/wp-json\/wp\/v2\/pages\/9112","targetHints":{"allow":["GET"]}}],"collection":[{"href":"https:\/\/coffeeandit.com.br\/store\/wp-json\/wp\/v2\/pages"}],"about":[{"href":"https:\/\/coffeeandit.com.br\/store\/wp-json\/wp\/v2\/types\/page"}],"author":[{"embeddable":true,"href":"https:\/\/coffeeandit.com.br\/store\/wp-json\/wp\/v2\/users\/1"}],"replies":[{"embeddable":true,"href":"https:\/\/coffeeandit.com.br\/store\/wp-json\/wp\/v2\/comments?post=9112"}],"version-history":[{"count":1,"href":"https:\/\/coffeeandit.com.br\/store\/wp-json\/wp\/v2\/pages\/9112\/revisions"}],"predecessor-version":[{"id":11939,"href":"https:\/\/coffeeandit.com.br\/store\/wp-json\/wp\/v2\/pages\/9112\/revisions\/11939"}],"wp:attachment":[{"href":"https:\/\/coffeeandit.com.br\/store\/wp-json\/wp\/v2\/media?parent=9112"}],"curies":[{"name":"wp","href":"https:\/\/api.w.org\/{rel}","templated":true}]}}